{"id":602,"date":"2022-01-24T14:56:15","date_gmt":"2022-01-24T14:56:15","guid":{"rendered":"https:\/\/colleendwyermeloche.com\/home\/"},"modified":"2024-06-21T21:14:49","modified_gmt":"2024-06-21T21:14:49","slug":"home","status":"publish","type":"page","link":"https:\/\/colleendwyer-studiococo.com\/fr\/","title":{"rendered":"Accueil"},"content":{"rendered":"<p>Colleen Dwyer Meloche est une artiste montr\u00e9alaise qui travaille principalement avec la\u00a0porcelaine. Sa pratique artistique se partage entre les pi\u00e8ces fonctionnelles \u00e9clectiques pour la maison et les constructions sculpturales qui incorporent l\u2019argile, le bois, le m\u00e9tal et parfois, les objets trouv\u00e9s. Elle offre \u00e9galement les ateliers Argile &amp; Vin et les cours de fa\u00e7onnage.<\/p>\n","protected":false},"excerpt":{"rendered":"<p>Colleen Dwyer Meloche est une artiste montr\u00e9alaise qui travaille principalement avec la\u00a0porcelaine. Sa pratique artistique se partage entre les pi\u00e8ces fonctionnelles \u00e9clectiques pour la maison et les constructions sculpturales qui incorporent l\u2019argile, le bois, le m\u00e9tal et parfois, les objets trouv\u00e9s. Elle offre \u00e9galement les ateliers Argile &amp; Vin et les cours de fa\u00e7onnage.<\/p>\n","protected":false},"author":1,"featured_media":0,"parent":0,"menu_order":0,"comment_status":"closed","ping_status":"closed","template":"","meta":{"_acf_changed":false,"footnotes":""},"class_list":["post-602","page","type-page","status-publish","hentry"],"acf":[],"yoast_head":"<!-- This site is optimized with the Yoast SEO plugin v27.6 - https:\/\/yoast.com\/product\/yoast-seo-wordpress\/ -->\n<title>Accueil - Colleen Dwyer \u2022 Studio Coco<\/title>\n<meta name=\"robots\" content=\"index, follow, max-snippet:-1, max-image-preview:large, max-video-preview:-1\" \/>\n<link rel=\"canonical\" href=\"https:\/\/colleendwyer-studiococo.com\/fr\/\" \/>\n<meta property=\"og:locale\" content=\"fr_FR\" \/>\n<meta property=\"og:type\" content=\"article\" \/>\n<meta property=\"og:title\" content=\"Accueil - Colleen Dwyer \u2022 Studio Coco\" \/>\n<meta property=\"og:description\" content=\"Colleen Dwyer Meloche est une artiste montr\u00e9alaise qui travaille principalement avec la\u00a0porcelaine. Sa pratique artistique se partage entre les pi\u00e8ces fonctionnelles \u00e9clectiques pour la maison et les constructions sculpturales qui incorporent l\u2019argile, le bois, le m\u00e9tal et parfois, les objets trouv\u00e9s. Elle offre \u00e9galement les ateliers Argile &amp; Vin et les cours de fa\u00e7onnage.\" \/>\n<meta property=\"og:url\" content=\"https:\/\/colleendwyer-studiococo.com\/fr\/\" \/>\n<meta property=\"og:site_name\" content=\"Colleen Dwyer \u2022 Studio Coco\" \/>\n<meta property=\"article:modified_time\" content=\"2024-06-21T21:14:49+00:00\" \/>\n<meta name=\"twitter:card\" content=\"summary_large_image\" \/>\n<meta name=\"twitter:label1\" content=\"Dur\u00e9e de lecture estim\u00e9e\" \/>\n\t<meta name=\"twitter:data1\" content=\"1 minute\" \/>\n<script type=\"application\/ld+json\" class=\"yoast-schema-graph\">{\"@context\":\"https:\\\/\\\/schema.org\",\"@graph\":[{\"@type\":\"WebPage\",\"@id\":\"https:\\\/\\\/colleendwyer-studiococo.com\\\/fr\\\/\",\"url\":\"https:\\\/\\\/colleendwyer-studiococo.com\\\/fr\\\/\",\"name\":\"Accueil - Colleen Dwyer \u2022 Studio Coco\",\"isPartOf\":{\"@id\":\"https:\\\/\\\/colleendwyer-studiococo.com\\\/#website\"},\"datePublished\":\"2022-01-24T14:56:15+00:00\",\"dateModified\":\"2024-06-21T21:14:49+00:00\",\"breadcrumb\":{\"@id\":\"https:\\\/\\\/colleendwyer-studiococo.com\\\/fr\\\/#breadcrumb\"},\"inLanguage\":\"fr-FR\",\"potentialAction\":[{\"@type\":\"ReadAction\",\"target\":[\"https:\\\/\\\/colleendwyer-studiococo.com\\\/fr\\\/\"]}]},{\"@type\":\"BreadcrumbList\",\"@id\":\"https:\\\/\\\/colleendwyer-studiococo.com\\\/fr\\\/#breadcrumb\",\"itemListElement\":[{\"@type\":\"ListItem\",\"position\":1,\"name\":\"Home\",\"item\":\"https:\\\/\\\/colleendwyer-studiococo.com\\\/fr\\\/\"},{\"@type\":\"ListItem\",\"position\":2,\"name\":\"Accueil\"}]},{\"@type\":\"WebSite\",\"@id\":\"https:\\\/\\\/colleendwyer-studiococo.com\\\/#website\",\"url\":\"https:\\\/\\\/colleendwyer-studiococo.com\\\/\",\"name\":\"Colleen Dwyer \u2022 Studio Coco\",\"description\":\"Art Site\",\"potentialAction\":[{\"@type\":\"SearchAction\",\"target\":{\"@type\":\"EntryPoint\",\"urlTemplate\":\"https:\\\/\\\/colleendwyer-studiococo.com\\\/?s={search_term_string}\"},\"query-input\":{\"@type\":\"PropertyValueSpecification\",\"valueRequired\":true,\"valueName\":\"search_term_string\"}}],\"inLanguage\":\"fr-FR\"}]}<\/script>\n<!-- \/ Yoast SEO plugin. -->","yoast_head_json":{"title":"Accueil - Colleen Dwyer \u2022 Studio Coco","robots":{"index":"index","follow":"follow","max-snippet":"max-snippet:-1","max-image-preview":"max-image-preview:large","max-video-preview":"max-video-preview:-1"},"canonical":"https:\/\/colleendwyer-studiococo.com\/fr\/","og_locale":"fr_FR","og_type":"article","og_title":"Accueil - Colleen Dwyer \u2022 Studio Coco","og_description":"Colleen Dwyer Meloche est une artiste montr\u00e9alaise qui travaille principalement avec la\u00a0porcelaine. Sa pratique artistique se partage entre les pi\u00e8ces fonctionnelles \u00e9clectiques pour la maison et les constructions sculpturales qui incorporent l\u2019argile, le bois, le m\u00e9tal et parfois, les objets trouv\u00e9s. Elle offre \u00e9galement les ateliers Argile &amp; Vin et les cours de fa\u00e7onnage.","og_url":"https:\/\/colleendwyer-studiococo.com\/fr\/","og_site_name":"Colleen Dwyer \u2022 Studio Coco","article_modified_time":"2024-06-21T21:14:49+00:00","twitter_card":"summary_large_image","twitter_misc":{"Dur\u00e9e de lecture estim\u00e9e":"1 minute"},"schema":{"@context":"https:\/\/schema.org","@graph":[{"@type":"WebPage","@id":"https:\/\/colleendwyer-studiococo.com\/fr\/","url":"https:\/\/colleendwyer-studiococo.com\/fr\/","name":"Accueil - Colleen Dwyer \u2022 Studio Coco","isPartOf":{"@id":"https:\/\/colleendwyer-studiococo.com\/#website"},"datePublished":"2022-01-24T14:56:15+00:00","dateModified":"2024-06-21T21:14:49+00:00","breadcrumb":{"@id":"https:\/\/colleendwyer-studiococo.com\/fr\/#breadcrumb"},"inLanguage":"fr-FR","potentialAction":[{"@type":"ReadAction","target":["https:\/\/colleendwyer-studiococo.com\/fr\/"]}]},{"@type":"BreadcrumbList","@id":"https:\/\/colleendwyer-studiococo.com\/fr\/#breadcrumb","itemListElement":[{"@type":"ListItem","position":1,"name":"Home","item":"https:\/\/colleendwyer-studiococo.com\/fr\/"},{"@type":"ListItem","position":2,"name":"Accueil"}]},{"@type":"WebSite","@id":"https:\/\/colleendwyer-studiococo.com\/#website","url":"https:\/\/colleendwyer-studiococo.com\/","name":"Colleen Dwyer \u2022 Studio Coco","description":"Art Site","potentialAction":[{"@type":"SearchAction","target":{"@type":"EntryPoint","urlTemplate":"https:\/\/colleendwyer-studiococo.com\/?s={search_term_string}"},"query-input":{"@type":"PropertyValueSpecification","valueRequired":true,"valueName":"search_term_string"}}],"inLanguage":"fr-FR"}]}},"_links":{"self":[{"href":"https:\/\/colleendwyer-studiococo.com\/fr\/wp-json\/wp\/v2\/pages\/602","targetHints":{"allow":["GET"]}}],"collection":[{"href":"https:\/\/colleendwyer-studiococo.com\/fr\/wp-json\/wp\/v2\/pages"}],"about":[{"href":"https:\/\/colleendwyer-studiococo.com\/fr\/wp-json\/wp\/v2\/types\/page"}],"author":[{"embeddable":true,"href":"https:\/\/colleendwyer-studiococo.com\/fr\/wp-json\/wp\/v2\/users\/1"}],"replies":[{"embeddable":true,"href":"https:\/\/colleendwyer-studiococo.com\/fr\/wp-json\/wp\/v2\/comments?post=602"}],"version-history":[{"count":5,"href":"https:\/\/colleendwyer-studiococo.com\/fr\/wp-json\/wp\/v2\/pages\/602\/revisions"}],"predecessor-version":[{"id":1840,"href":"https:\/\/colleendwyer-studiococo.com\/fr\/wp-json\/wp\/v2\/pages\/602\/revisions\/1840"}],"wp:attachment":[{"href":"https:\/\/colleendwyer-studiococo.com\/fr\/wp-json\/wp\/v2\/media?parent=602"}],"curies":[{"name":"wp","href":"https:\/\/api.w.org\/{rel}","templated":true}]}}